{"id":32,"date":"2026-02-26T15:36:14","date_gmt":"2026-02-26T15:36:14","guid":{"rendered":"https:\/\/prosignal.wasmer.app\/?page_id=32"},"modified":"2026-03-13T10:49:09","modified_gmt":"2026-03-13T10:49:09","slug":"starlink","status":"publish","type":"page","link":"https:\/\/www.prosignal.pl\/index.php\/starlink\/","title":{"rendered":"Starlink"},"content":{"rendered":"<div class=\"et_pb_section_0 et_pb_section et_section_regular et_block_section\">\n<div class=\"et_pb_row_0 et_pb_row et_pb_gutters3 et_block_row\">\n<div class=\"et_pb_column_0 et_pb_column et_pb_column_4_4 et-last-child et_block_column et_pb_css_mix_blend_mode_passthrough\">\n<div class=\"et_pb_text_0 et_pb_text et_pb_bg_layout_light et_pb_module et_block_module\"><div class=\"et_pb_text_inner\"><h1>Monta\u017c anten Starlink \u2013 szybki Internet satelitarny | Ma\u0142opolska<\/h1>\n<p>&nbsp;<\/p>\n<h3>Internet tam, gdzie inni nie si\u0119gaj\u0105<\/h3>\n<\/div><\/div>\n<\/div>\n<\/div>\n\n<div class=\"et_pb_row_1 et_pb_row et_flex_row\">\n<div class=\"et_pb_column_1 et_pb_column et-last-child et_flex_column et_pb_css_mix_blend_mode_passthrough et_flex_column_24_24\">\n<div class=\"et_pb_text_1 et_pb_text et_pb_bg_layout_light et_pb_module et_flex_module check-list\"><div class=\"et_pb_text_inner\"><p style=\"text-align: justify;\">Nie wsz\u0119dzie dost\u0119pny jest tradycyjny internet kablowy. Wiele dom\u00f3w, gospodarstw i firm wci\u0105\u017c zmaga si\u0119 ze s\u0142abym zasi\u0119giem lub brakiem dost\u0119pu do sieci. Rozwi\u0105zaniem jest Starlink \u2013 nowoczesna technologia satelitarna, kt\u00f3ra zapewnia szybki i stabilny internet nawet w najbardziej odleg\u0142ych lokalizacjach.<\/p>\n<p>&nbsp;<\/p>\n<h3>Profesjonalny monta\u017c anten Starlink<\/h3>\n<p>Oferujemy fachowy monta\u017c anten Starlink w dowolnym miejscu.<\/p>\n<p>&nbsp;<\/p>\n<h3>Miejsca monta\u017cu anten<\/h3>\n<ul>\n<li>Na dachu<\/li>\n<li>Na elewacji<\/li>\n<li>Na balkonie<\/li>\n<li>Na konstrukcjach specjalnych<\/li>\n<\/ul>\n<p>Dysponujemy do\u015bwiadczeniem w pracy w trudno dost\u0119pnych miejscach, co gwarantuje bezpieczny, solidny i zgodny z wytycznymi technicznymi monta\u017c.<\/p>\n<p>&nbsp;<\/p>\n<h3>Co zapewniamy<\/h3>\n<ul>\n<li>Fachowy monta\u017c anten Starlink w dowolnej lokalizacji<\/li>\n<li>Doradztwo w doborze sprz\u0119tu i akcesori\u00f3w<\/li>\n<li>Konfiguracj\u0119 urz\u0105dze\u0144 i optymalne ustawienie sygna\u0142u<\/li>\n<li>Stabilne po\u0142\u0105czenie nawet w rejonach bez tradycyjnej infrastruktury internetowej<\/li>\n<\/ul>\n<p>&nbsp;<\/p>\n<h3>Gdzie sprawdzi si\u0119 internet Starlink?<\/h3>\n<p>Dzi\u0119ki Starlink mo\u017cesz cieszy\u0107 si\u0119 szybkim internetem w:<\/p>\n<ul>\n<li>domach na wsi<\/li>\n<li>firmach dzia\u0142aj\u0105cych poza miastem<\/li>\n<li>kamperach i przyczepach turystycznych<\/li>\n<li>domkach letniskowych<\/li>\n<\/ul>\n<\/div><\/div>\n<\/div>\n<\/div>\n<\/div>\n\n<div class=\"et_pb_section_1 et_pb_section et_section_regular et_flex_section\">\n<div class=\"et_pb_row_2 et_pb_row et_flex_row\">\n<div class=\"et_pb_column_2 et_pb_column et-last-child et_flex_column et_pb_css_mix_blend_mode_passthrough et_flex_column_24_24\">\n<div class=\"et_pb_text_2 et_pb_text et_pb_bg_layout_light et_pb_module et_flex_module\"><div class=\"et_pb_text_inner\"><h4>Obszar dzia\u0142ania<\/h4>\n<p>\u015awiadczymy us\u0142ugi na terenie ca\u0142ej <strong>Ma\u0142opolski<\/strong>.<br \/>Nie jeste\u015b pewien, czy dzia\u0142amy w Twojej okolicy? <a class=\"kontakt-link\" href=\"\/index.php\/kontakt\">Skontaktuj si\u0119 z nami<\/a><\/p>\n<\/div><\/div>\n<\/div>\n<\/div>\n<\/div>","protected":false},"excerpt":{"rendered":"","protected":false},"author":1,"featured_media":0,"parent":0,"menu_order":0,"comment_status":"closed","ping_status":"closed","template":"","meta":{"footnotes":""},"folder":[11],"class_list":["post-32","page","type-page","status-publish","hentry"],"_links":{"self":[{"href":"https:\/\/www.prosignal.pl\/index.php\/wp-json\/wp\/v2\/pages\/32","targetHints":{"allow":["GET"]}}],"collection":[{"href":"https:\/\/www.prosignal.pl\/index.php\/wp-json\/wp\/v2\/pages"}],"about":[{"href":"https:\/\/www.prosignal.pl\/index.php\/wp-json\/wp\/v2\/types\/page"}],"author":[{"embeddable":true,"href":"https:\/\/www.prosignal.pl\/index.php\/wp-json\/wp\/v2\/users\/1"}],"replies":[{"embeddable":true,"href":"https:\/\/www.prosignal.pl\/index.php\/wp-json\/wp\/v2\/comments?post=32"}],"version-history":[{"count":0,"href":"https:\/\/www.prosignal.pl\/index.php\/wp-json\/wp\/v2\/pages\/32\/revisions"}],"wp:attachment":[{"href":"https:\/\/www.prosignal.pl\/index.php\/wp-json\/wp\/v2\/media?parent=32"}],"wp:term":[{"taxonomy":"folder","embeddable":true,"href":"https:\/\/www.prosignal.pl\/index.php\/wp-json\/wp\/v2\/folder?post=32"}],"curies":[{"name":"wp","href":"https:\/\/api.w.org\/{rel}","templated":true}]}}