{"id":31,"date":"2026-02-26T15:35:55","date_gmt":"2026-02-26T15:35:55","guid":{"rendered":"https:\/\/prosignal.wasmer.app\/?page_id=31"},"modified":"2026-03-13T10:44:55","modified_gmt":"2026-03-13T10:44:55","slug":"canal","status":"publish","type":"page","link":"https:\/\/www.prosignal.pl\/index.php\/canal\/","title":{"rendered":"CANAL+"},"content":{"rendered":"<div class=\"et_pb_section_0 et_pb_section et_section_regular et_block_section\">\n<div class=\"et_pb_row_0 et_pb_row et_pb_gutters3 et_block_row\">\n<div class=\"et_pb_column_0 et_pb_column et_pb_column_4_4 et-last-child et_block_column et_pb_css_mix_blend_mode_passthrough\">\n<div class=\"et_pb_text_0 et_pb_text et_pb_bg_layout_light et_pb_module et_block_module\"><div class=\"et_pb_text_inner\"><h1>Mobilny punkt sprzeda\u017cy CANAL+<\/h1>\n<p>&nbsp;<\/p>\n<h3>Komfortowa obs\u0142uga w Twojej okolicy<\/h3>\n<\/div><\/div>\n<\/div>\n<\/div>\n\n<div class=\"et_pb_row_1 et_pb_row et_flex_row\">\n<div class=\"et_pb_column_1 et_pb_column et-last-child et_flex_column et_pb_css_mix_blend_mode_passthrough et_flex_column_24_24\">\n<div class=\"et_pb_text_1 et_pb_text et_pb_bg_layout_light et_pb_module et_flex_module check-list\"><div class=\"et_pb_text_inner\"><p style=\"text-align: justify;\">Mobilny punkt sprzeda\u017cy CANAL+ to wygodne rozwi\u0105zanie dla os\u00f3b, kt\u00f3re chc\u0105 zapozna\u0107 si\u0119 z ofert\u0105 operatora bez konieczno\u015bci wizyty w stacjonarnym salonie. Nasi mobilni doradcy, dzia\u0142aj\u0105cy cz\u0119sto w modelu door-to-door, oferuj\u0105 pe\u0142en zakres us\u0142ug CANAL+.<\/p>\n<p>\u00a0<\/p>\n<h3>Oferujemy:<\/h3>\n<ul>\n<li>Telewizj\u0119 satelitarn\u0105 CANAL+<\/li>\n<li>Dost\u0119p do internetu<\/li>\n<li>Oferty bez zobowi\u0105za\u0144<\/li>\n<\/ul>\n<h3>Dlaczego warto skorzysta\u0107?<\/h3>\n<ul>\n<li>Mo\u017cliwo\u015b\u0107 zapoznania si\u0119 z pe\u0142n\u0105 ofert\u0105 w domu lub w dogodnym miejscu<\/li>\n<li>Szybkie zawarcie umowy bez wizyty w salonie<\/li>\n<li>Doradztwo dopasowane do indywidualnych potrzeb i bud\u017cetu<\/li>\n<li>Mo\u017cliwo\u015b\u0107 uzyskania informacji o pakietach, promocjach i us\u0142ugach dodatkowych<\/li>\n<\/ul>\n<\/div><\/div>\n<\/div>\n<\/div>\n<\/div>\n\n<div class=\"et_pb_section_1 et_pb_section et_section_regular et_flex_section\">\n<div class=\"et_pb_row_2 et_pb_row et_flex_row\">\n<div class=\"et_pb_column_2 et_pb_column et-last-child et_flex_column et_pb_css_mix_blend_mode_passthrough et_flex_column_24_24\">\n<div class=\"et_pb_text_2 et_pb_text et_pb_bg_layout_light et_pb_module et_flex_module\"><div class=\"et_pb_text_inner\"><h4>Obszar dzia\u0142ania<\/h4>\n<p>\u015awiadczymy us\u0142ugi na terenie ca\u0142ej <strong>Ma\u0142opolski<\/strong>.<br \/>Nie jeste\u015b pewien, czy dzia\u0142amy w Twojej okolicy? <a class=\"kontakt-link\" href=\"\/index.php\/kontakt\">Skontaktuj si\u0119 z nami<\/a><\/p>\n<\/div><\/div>\n<\/div>\n<\/div>\n<\/div>","protected":false},"excerpt":{"rendered":"","protected":false},"author":1,"featured_media":0,"parent":0,"menu_order":0,"comment_status":"closed","ping_status":"closed","template":"","meta":{"footnotes":""},"folder":[11],"class_list":["post-31","page","type-page","status-publish","hentry"],"_links":{"self":[{"href":"https:\/\/www.prosignal.pl\/index.php\/wp-json\/wp\/v2\/pages\/31","targetHints":{"allow":["GET"]}}],"collection":[{"href":"https:\/\/www.prosignal.pl\/index.php\/wp-json\/wp\/v2\/pages"}],"about":[{"href":"https:\/\/www.prosignal.pl\/index.php\/wp-json\/wp\/v2\/types\/page"}],"author":[{"embeddable":true,"href":"https:\/\/www.prosignal.pl\/index.php\/wp-json\/wp\/v2\/users\/1"}],"replies":[{"embeddable":true,"href":"https:\/\/www.prosignal.pl\/index.php\/wp-json\/wp\/v2\/comments?post=31"}],"version-history":[{"count":0,"href":"https:\/\/www.prosignal.pl\/index.php\/wp-json\/wp\/v2\/pages\/31\/revisions"}],"wp:attachment":[{"href":"https:\/\/www.prosignal.pl\/index.php\/wp-json\/wp\/v2\/media?parent=31"}],"wp:term":[{"taxonomy":"folder","embeddable":true,"href":"https:\/\/www.prosignal.pl\/index.php\/wp-json\/wp\/v2\/folder?post=31"}],"curies":[{"name":"wp","href":"https:\/\/api.w.org\/{rel}","templated":true}]}}