{"id":28,"date":"2026-02-26T15:34:21","date_gmt":"2026-02-26T15:34:21","guid":{"rendered":"https:\/\/prosignal.wasmer.app\/?page_id=28"},"modified":"2026-03-13T10:46:45","modified_gmt":"2026-03-13T10:46:45","slug":"montaz-tv","status":"publish","type":"page","link":"https:\/\/www.prosignal.pl\/index.php\/montaz-tv\/","title":{"rendered":"Monta\u017c TV"},"content":{"rendered":"<div class=\"et_pb_section_0 et_pb_section et_section_regular et_block_section\">\n<div class=\"et_pb_row_0 et_pb_row et_pb_gutters3 et_block_row\">\n<div class=\"et_pb_column_0 et_pb_column et_pb_column_4_4 et-last-child et_block_column et_pb_css_mix_blend_mode_passthrough\">\n<div class=\"et_pb_text_0 et_pb_text et_pb_bg_layout_light et_pb_module et_block_module\"><div class=\"et_pb_text_inner\"><h1>Monta\u017c telewizor\u00f3w na \u015bcianie<\/h1>\n<p>&nbsp;<\/p>\n<h3>Estetyczny i bezpieczny monta\u017c TV<\/h3>\n<\/div><\/div>\n<\/div>\n<\/div>\n\n<div class=\"et_pb_row_1 et_pb_row et_flex_row\">\n<div class=\"et_pb_column_1 et_pb_column et-last-child et_flex_column et_pb_css_mix_blend_mode_passthrough et_flex_column_24_24\">\n<div class=\"et_pb_text_1 et_pb_text et_pb_bg_layout_light et_pb_module et_flex_module check-list\"><div class=\"et_pb_text_inner\"><p>Oferujemy profesjonalny monta\u017c telewizor\u00f3w na \u015bcianie, kt\u00f3ry pozwala zaoszcz\u0119dzi\u0107 miejsce w pomieszczeniu i znacz\u0105co poprawi\u0107 jego estetyk\u0119. Us\u0142ug\u0119 realizujemy z wykorzystaniem uchwyt\u00f3w wybranych przez klienta, dopasowanych do wielko\u015bci i wagi telewizora.<br \/>Ka\u017cdy monta\u017c wykonujemy solidnie i z dba\u0142o\u015bci\u0105 o detale. Zajmujemy si\u0119 r\u00f3wnie\u017c maskowaniem wszystkich przewod\u00f3w, tak aby instalacja by\u0142a schludna i estetyczna, bez widocznych kabli.<\/p>\n<p>\u00a0<\/p>\n<h3>Komfort ogl\u0105dania z ka\u017cdego miejsca<\/h3>\n<p>Prawid\u0142owo zamontowany telewizor na \u015bcianie zapewnia wygodne ogl\u0105danie z ka\u017cdego miejsca w pomieszczeniu oraz bezpiecze\u0144stwo u\u017cytkowania. Dbamy o odpowiedni\u0105 wysoko\u015b\u0107 i k\u0105t zawieszenia ekranu, dopasowane do warunk\u00f3w wn\u0119trza.<\/p>\n<p>\u00a0<\/p>\n<h3>Dlaczego warto nam zleci\u0107 monta\u017c TV?<\/h3>\n<ul>\n<li>Bezpieczne i trwa\u0142e mocowanie telewizora<\/li>\n<li>Estetyczne ukrycie kabli<\/li>\n<li>Dopasowanie uchwytu i miejsca monta\u017cu<\/li>\n<li>Us\u0142uga dla mieszka\u0144 i dom\u00f3w prywatnych<\/li>\n<\/ul>\n<p>&nbsp;<\/p>\n<p>\u00a0<\/p>\n<\/div><\/div>\n<\/div>\n<\/div>\n<\/div>\n\n<div class=\"et_pb_section_1 et_pb_section et_section_regular et_flex_section\">\n<div class=\"et_pb_row_2 et_pb_row et_flex_row\">\n<div class=\"et_pb_column_2 et_pb_column et-last-child et_flex_column et_pb_css_mix_blend_mode_passthrough et_flex_column_24_24\">\n<div class=\"et_pb_text_2 et_pb_text et_pb_bg_layout_light et_pb_module et_flex_module\"><div class=\"et_pb_text_inner\"><h4>Obszar dzia\u0142ania<\/h4>\n<p>\u015awiadczymy us\u0142ugi na terenie ca\u0142ej <strong>Ma\u0142opolski<\/strong>.<br \/>Nie jeste\u015b pewien, czy dzia\u0142amy w Twojej okolicy? <a class=\"kontakt-link\" href=\"\/index.php\/kontakt\">Skontaktuj si\u0119 z nami<\/a><\/p>\n<\/div><\/div>\n<\/div>\n<\/div>\n<\/div>","protected":false},"excerpt":{"rendered":"","protected":false},"author":1,"featured_media":0,"parent":0,"menu_order":0,"comment_status":"closed","ping_status":"closed","template":"","meta":{"footnotes":""},"folder":[11],"class_list":["post-28","page","type-page","status-publish","hentry"],"_links":{"self":[{"href":"https:\/\/www.prosignal.pl\/index.php\/wp-json\/wp\/v2\/pages\/28","targetHints":{"allow":["GET"]}}],"collection":[{"href":"https:\/\/www.prosignal.pl\/index.php\/wp-json\/wp\/v2\/pages"}],"about":[{"href":"https:\/\/www.prosignal.pl\/index.php\/wp-json\/wp\/v2\/types\/page"}],"author":[{"embeddable":true,"href":"https:\/\/www.prosignal.pl\/index.php\/wp-json\/wp\/v2\/users\/1"}],"replies":[{"embeddable":true,"href":"https:\/\/www.prosignal.pl\/index.php\/wp-json\/wp\/v2\/comments?post=28"}],"version-history":[{"count":0,"href":"https:\/\/www.prosignal.pl\/index.php\/wp-json\/wp\/v2\/pages\/28\/revisions"}],"wp:attachment":[{"href":"https:\/\/www.prosignal.pl\/index.php\/wp-json\/wp\/v2\/media?parent=28"}],"wp:term":[{"taxonomy":"folder","embeddable":true,"href":"https:\/\/www.prosignal.pl\/index.php\/wp-json\/wp\/v2\/folder?post=28"}],"curies":[{"name":"wp","href":"https:\/\/api.w.org\/{rel}","templated":true}]}}