{"id":27,"date":"2026-02-26T15:33:01","date_gmt":"2026-02-26T15:33:01","guid":{"rendered":"https:\/\/prosignal.wasmer.app\/?page_id=27"},"modified":"2026-03-13T10:47:15","modified_gmt":"2026-03-13T10:47:15","slug":"instalacje-multiroom","status":"publish","type":"page","link":"https:\/\/www.prosignal.pl\/index.php\/instalacje-multiroom\/","title":{"rendered":"Multiroom"},"content":{"rendered":"<div class=\"et_pb_section_0 et_pb_section et_section_regular et_block_section\">\n<div class=\"et_pb_row_0 et_pb_row et_pb_gutters3 et_block_row\">\n<div class=\"et_pb_column_0 et_pb_column et_pb_column_4_4 et-last-child et_block_column et_pb_css_mix_blend_mode_passthrough\">\n<div class=\"et_pb_text_0 et_pb_text et_pb_bg_layout_light et_pb_module et_block_module\"><div class=\"et_pb_text_inner\"><h1>Serwis oraz monta\u017c us\u0142ugi Multiroom<\/h1>\n<p>&nbsp;<\/p>\n<h3>Profesjonalna instalacja Multiroom<\/h3>\n<\/div><\/div>\n<\/div>\n<\/div>\n\n<div class=\"et_pb_row_1 et_pb_row et_flex_row\">\n<div class=\"et_pb_column_1 et_pb_column et-last-child et_flex_column et_pb_css_mix_blend_mode_passthrough et_flex_column_24_24\">\n<div class=\"et_pb_text_1 et_pb_text et_pb_bg_layout_light et_pb_module et_flex_module check-list\"><div class=\"et_pb_text_inner\"><p>Oferujemy serwis oraz monta\u017c us\u0142ugi Multiroom, kt\u00f3ra umo\u017cliwia jednoczesne ogl\u0105danie telewizji na kilku odbiornikach w jednym domu lub obiekcie. Wykonujemy instalacje zar\u00f3wno dla klient\u00f3w indywidualnych, jak i firm na terenie Chrzanowa i okolic.<br \/>W instalacjach Multiroom stosujemy konwertery 2-, 4- lub 8-wyj\u015bciowe, nowoczesne rozwi\u0105zania Unicable SCR oraz anteny satelitarne o \u015brednicy 80 cm, 90cm co gwarantuje stabilny i wysokiej jako\u015bci sygna\u0142.<\/p>\n<p><strong>Kompleksowa obs\u0142uga \u2013 od monta\u017cu do uruchomienia.<\/strong><\/p>\n<p>\u00a0<\/p>\n<h3>Multiroom CANAL+ i Polsat Box<\/h3>\n<p>W przypadku us\u0142ugi Multiroom w CANAL+ lub Polsat Box wykonujemy r\u00f3wnie\u017c bezprzewodow\u0105 sie\u0107 LAN, dzi\u0119ki kt\u00f3rej dekodery s\u0105 automatycznie autoryzowane. Eliminuje to konieczno\u015b\u0107 przek\u0142adania kart pomi\u0119dzy dekoderami co kilka dni, zapewniaj\u0105c pe\u0142en komfort u\u017cytkowania.<\/p>\n<p>\u00a0<\/p>\n<h3>W zale\u017cno\u015bci od wybranego pakietu, jako dekodery dodatkowe stosujemy:<\/h3>\n<ul>\n<li><strong>dekodery HD<\/strong><\/li>\n<li><strong>nowoczesne dekodery w rozdzielczo\u015bci 4K UHD <\/strong><\/li>\n<\/ul>\n<h3><\/h3>\n<h3>Wystarczy do nas zadzwoni\u0107, a nasi do\u015bwiadczeni instalatorzy:<\/h3>\n<ul>\n<li>Wykonaj\u0105 monta\u017c anteny satelitarnej<\/li>\n<li>Skonfiguruj\u0105 us\u0142ug\u0119 Multiroom<\/li>\n<li>Dostarcz\u0105 i pod\u0142\u0105cz\u0105 wszystkie niezb\u0119dne elementy<\/li>\n<li>Sprawdz\u0105 poprawno\u015b\u0107 dzia\u0142ania systemu<\/li>\n<\/ul>\n<\/div><\/div>\n<\/div>\n<\/div>\n<\/div>\n\n<div class=\"et_pb_section_1 et_pb_section et_section_regular et_flex_section\">\n<div class=\"et_pb_row_2 et_pb_row et_flex_row\">\n<div class=\"et_pb_column_2 et_pb_column et-last-child et_flex_column et_pb_css_mix_blend_mode_passthrough et_flex_column_24_24\">\n<div class=\"et_pb_text_2 et_pb_text et_pb_bg_layout_light et_pb_module et_flex_module\"><div class=\"et_pb_text_inner\"><h4>Obszar dzia\u0142ania<\/h4>\n<p>\u015awiadczymy us\u0142ugi na terenie ca\u0142ej <strong>Ma\u0142opolski<\/strong>.<br \/>Nie jeste\u015b pewien, czy dzia\u0142amy w Twojej okolicy? <a class=\"kontakt-link\" href=\"\/index.php\/kontakt\">Skontaktuj si\u0119 z nami<\/a><\/p>\n<\/div><\/div>\n<\/div>\n<\/div>\n<\/div>","protected":false},"excerpt":{"rendered":"","protected":false},"author":1,"featured_media":0,"parent":0,"menu_order":0,"comment_status":"closed","ping_status":"closed","template":"","meta":{"footnotes":""},"folder":[11],"class_list":["post-27","page","type-page","status-publish","hentry"],"_links":{"self":[{"href":"https:\/\/www.prosignal.pl\/index.php\/wp-json\/wp\/v2\/pages\/27","targetHints":{"allow":["GET"]}}],"collection":[{"href":"https:\/\/www.prosignal.pl\/index.php\/wp-json\/wp\/v2\/pages"}],"about":[{"href":"https:\/\/www.prosignal.pl\/index.php\/wp-json\/wp\/v2\/types\/page"}],"author":[{"embeddable":true,"href":"https:\/\/www.prosignal.pl\/index.php\/wp-json\/wp\/v2\/users\/1"}],"replies":[{"embeddable":true,"href":"https:\/\/www.prosignal.pl\/index.php\/wp-json\/wp\/v2\/comments?post=27"}],"version-history":[{"count":0,"href":"https:\/\/www.prosignal.pl\/index.php\/wp-json\/wp\/v2\/pages\/27\/revisions"}],"wp:attachment":[{"href":"https:\/\/www.prosignal.pl\/index.php\/wp-json\/wp\/v2\/media?parent=27"}],"wp:term":[{"taxonomy":"folder","embeddable":true,"href":"https:\/\/www.prosignal.pl\/index.php\/wp-json\/wp\/v2\/folder?post=27"}],"curies":[{"name":"wp","href":"https:\/\/api.w.org\/{rel}","templated":true}]}}