{"id":26,"date":"2026-02-26T15:32:35","date_gmt":"2026-02-26T15:32:35","guid":{"rendered":"https:\/\/prosignal.wasmer.app\/?page_id=26"},"modified":"2026-03-13T10:45:07","modified_gmt":"2026-03-13T10:45:07","slug":"instalacje-multiswitchowe","status":"publish","type":"page","link":"https:\/\/www.prosignal.pl\/index.php\/instalacje-multiswitchowe\/","title":{"rendered":"Instalacje\u00a0multiswitchowe"},"content":{"rendered":"<div class=\"et_pb_section_0 et_pb_section et_section_regular et_block_section\">\n<div class=\"et_pb_row_0 et_pb_row et_pb_gutters3 et_block_row\">\n<div class=\"et_pb_column_0 et_pb_column et_pb_column_4_4 et-last-child et_block_column et_pb_css_mix_blend_mode_passthrough\">\n<div class=\"et_pb_text_0 et_pb_text et_pb_bg_layout_light et_pb_module et_block_module\"><div class=\"et_pb_text_inner\"><h1>Monta\u017c instalacji multiswitchowych<\/h1>\n<p>&nbsp;<\/p>\n<h3>Profesjonalne instalacje multiswitchowe dla dom\u00f3w i firm<\/h3>\n<\/div><\/div>\n<\/div>\n<\/div>\n\n<div class=\"et_pb_row_1 et_pb_row et_flex_row\">\n<div class=\"et_pb_column_1 et_pb_column et-last-child et_flex_column et_pb_css_mix_blend_mode_passthrough et_flex_column_24_24\">\n<div class=\"et_pb_text_1 et_pb_text et_pb_bg_layout_light et_pb_module et_flex_module check-list\"><div class=\"et_pb_text_inner\"><p>Oferujemy monta\u017c instalacji multiswitchowych, dedykowanych zar\u00f3wno dla dom\u00f3w prywatnych, jak i sp\u00f3\u0142dzielni mieszkaniowych, osiedli czy hoteli. Dzi\u0119ki nim mo\u017cliwe jest pod\u0142\u0105czenie od jednego do kilkudziesi\u0119ciu odbiornik\u00f3w do jednej anteny satelitarnej, bez potrzeby montowania dodatkowych anten.<\/p>\n<p>\u00a0<\/p>\n<h3>Oszcz\u0119dno\u015b\u0107 i estetyka<\/h3>\n<p>Instalacja multiswitchowa eliminuje konieczno\u015b\u0107 zakupu wielu odbiornik\u00f3w satelitarnych oraz anten, co znacz\u0105co obni\u017ca koszty systemu TV-SAT. Dodatkowo ogranicza ilo\u015b\u0107 przewod\u00f3w, poprawiaj\u0105c estetyk\u0119 budynku \u2014 jeden zestaw antenowy zast\u0119puje wiele anten i kabli, zachowuj\u0105c schludny wygl\u0105d elewacji.<\/p>\n<p>\u00a0<\/p>\n<h3>Zastosowanie i korzy\u015bci<\/h3>\n<ul>\n<li><strong>Domy prywatne<\/strong> \u2013 pod\u0142\u0105czenie wszystkich odbiornik\u00f3w w domu do jednej anteny<\/li>\n<li><strong>Bloki i sp\u00f3\u0142dzielnie<\/strong> \u2013 oszcz\u0119dno\u015b\u0107 miejsca i okablowania w instalacjach zbiorczych<\/li>\n<li><strong>Hotele i obiekty komercyjne<\/strong> \u2013 \u0142atwe pod\u0142\u0105czenie wielu pokoi do jednego systemu<\/li>\n<\/ul>\n<p>Dzi\u0119ki profesjonalnemu monta\u017cowi zapewniamy stabilny i niezawodny odbi\u00f3r sygna\u0142u w ka\u017cdym punkcie instalacji.<\/p>\n<p>\u00a0<\/p>\n<\/div><\/div>\n<\/div>\n<\/div>\n<\/div>\n\n<div class=\"et_pb_section_1 et_pb_section et_section_regular et_flex_section\">\n<div class=\"et_pb_row_2 et_pb_row et_flex_row\">\n<div class=\"et_pb_column_2 et_pb_column et-last-child et_flex_column et_pb_css_mix_blend_mode_passthrough et_flex_column_24_24\">\n<div class=\"et_pb_text_2 et_pb_text et_pb_bg_layout_light et_pb_module et_flex_module\"><div class=\"et_pb_text_inner\"><h4>Obszar dzia\u0142ania<\/h4>\n<p>\u015awiadczymy us\u0142ugi na terenie ca\u0142ej <strong>Ma\u0142opolski<\/strong>.<br \/>Nie jeste\u015b pewien, czy dzia\u0142amy w Twojej okolicy? <a class=\"kontakt-link\" href=\"\/index.php\/kontakt\">Skontaktuj si\u0119 z nami<\/a><\/p>\n<\/div><\/div>\n<\/div>\n<\/div>\n<\/div>","protected":false},"excerpt":{"rendered":"","protected":false},"author":1,"featured_media":0,"parent":0,"menu_order":0,"comment_status":"closed","ping_status":"closed","template":"","meta":{"footnotes":""},"folder":[11],"class_list":["post-26","page","type-page","status-publish","hentry"],"_links":{"self":[{"href":"https:\/\/www.prosignal.pl\/index.php\/wp-json\/wp\/v2\/pages\/26","targetHints":{"allow":["GET"]}}],"collection":[{"href":"https:\/\/www.prosignal.pl\/index.php\/wp-json\/wp\/v2\/pages"}],"about":[{"href":"https:\/\/www.prosignal.pl\/index.php\/wp-json\/wp\/v2\/types\/page"}],"author":[{"embeddable":true,"href":"https:\/\/www.prosignal.pl\/index.php\/wp-json\/wp\/v2\/users\/1"}],"replies":[{"embeddable":true,"href":"https:\/\/www.prosignal.pl\/index.php\/wp-json\/wp\/v2\/comments?post=26"}],"version-history":[{"count":0,"href":"https:\/\/www.prosignal.pl\/index.php\/wp-json\/wp\/v2\/pages\/26\/revisions"}],"wp:attachment":[{"href":"https:\/\/www.prosignal.pl\/index.php\/wp-json\/wp\/v2\/media?parent=26"}],"wp:term":[{"taxonomy":"folder","embeddable":true,"href":"https:\/\/www.prosignal.pl\/index.php\/wp-json\/wp\/v2\/folder?post=26"}],"curies":[{"name":"wp","href":"https:\/\/api.w.org\/{rel}","templated":true}]}}