{"id":24,"date":"2026-02-26T15:30:41","date_gmt":"2026-02-26T15:30:41","guid":{"rendered":"https:\/\/prosignal.wasmer.app\/?page_id=24"},"modified":"2026-03-13T10:44:14","modified_gmt":"2026-03-13T10:44:14","slug":"instalacje-indywidualne","status":"publish","type":"page","link":"https:\/\/www.prosignal.pl\/index.php\/instalacje-indywidualne\/","title":{"rendered":"Instalacje indywidualne"},"content":{"rendered":"<div class=\"et_pb_section_0 et_pb_section et_section_regular et_block_section\">\n<div class=\"et_pb_row_0 et_pb_row et_pb_gutters3 et_block_row\">\n<div class=\"et_pb_column_0 et_pb_column et_pb_column_4_4 et-last-child et_block_column et_pb_css_mix_blend_mode_passthrough\">\n<div class=\"et_pb_text_0 et_pb_text et_pb_bg_layout_light et_pb_module et_block_module\"><div class=\"et_pb_text_inner\"><h1>Monta\u017c i regulacja anten satelitarnych oraz naziemnych<\/h1>\n<p>\u00a0<\/p>\n<h3>Profesjonalny monta\u017c i serwis anten<\/h3>\n<p style=\"text-align: justify;\">Monta\u017c i serwis anten to obszar, w kt\u00f3rym jeste\u015bmy specjalistami. Oferujemy profesjonalny monta\u017c oraz precyzyjn\u0105 regulacj\u0119 anten satelitarnych i naziemnych (DVB-T) na terenie Chrzanowa i okolic.<\/p>\n<p style=\"text-align: justify;\">Podczas instalacji anteny zawsze wybieramy najkorzystniejsze miejsce monta\u017cu, tak aby unikn\u0105\u0107 potencjalnych zak\u0142\u00f3ce\u0144 sygna\u0142u i zapewni\u0107 stabilny, wysokiej jako\u015bci odbi\u00f3r telewizji. Ka\u017cda instalacja wykonywana jest z u\u017cyciem profesjonalnych miernik\u00f3w sygna\u0142u, co pozwala na idealne ustawienie anteny oraz konwertera dok\u0142adnie na sygna\u0142 z satelity.<\/p>\n<\/div><\/div>\n<\/div>\n<\/div>\n\n<div class=\"et_pb_row_1 et_pb_row et_flex_row\">\n<div class=\"et_pb_column_1 et_pb_column et-last-child et_flex_column et_pb_css_mix_blend_mode_passthrough et_flex_column_24_24\">\n<div class=\"et_pb_text_1 et_pb_text et_pb_bg_layout_light et_pb_module et_flex_module\"><div class=\"et_pb_text_inner\"><h3>Gwarantujemy stabilne i bezpieczne mocowanie anteny<\/h3>\n<\/div><\/div>\n<\/div>\n<\/div>\n\n<div class=\"et_pb_row_2 et_pb_row et_flex_row\">\n<div class=\"et_pb_column_2 et_pb_column et-last-child et_flex_column et_pb_css_mix_blend_mode_passthrough et_flex_column_24_24\">\n<div class=\"et_pb_text_2 et_pb_text et_pb_bg_layout_light et_pb_module et_flex_module\"><div class=\"et_pb_text_inner\"><p style=\"text-align: justify;\"><span data-contrast=\"auto\" xml:lang=\"PL-PL\" lang=\"PL-PL\" class=\"TextRun SCXW257272357 BCX8\"><span class=\"NormalTextRun SCXW257272357 BCX8\">Anteny montujemy<\/span><span class=\"NormalTextRun SCXW257272357 BCX8\"><span>\u00a0<\/span><\/span><span class=\"NormalTextRun SCXW257272357 BCX8\">na maszcie antenowym<\/span><span class=\"NormalTextRun SCXW257272357 BCX8\"><span>\u00a0<\/span><\/span><span class=\"NormalTextRun SCXW257272357 BCX8\">przy u\u017cyciu solidnych obejm kominowych<\/span><span class=\"NormalTextRun SCXW257272357 BCX8\">.<\/span><\/span><span class=\"LineBreakBlob BlobObject DragDrop SCXW257272357 BCX8\"><span class=\"SCXW257272357 BCX8\">\u00a0<\/span><br class=\"SCXW257272357 BCX8\" \/><\/span><span data-contrast=\"auto\" xml:lang=\"PL-PL\" lang=\"PL-PL\" class=\"TextRun SCXW257272357 BCX8\"><span class=\"NormalTextRun SCXW257272357 BCX8\">Dzi\u0119ki temu instalacja jest trwa\u0142a, odporna na warunki atmosferyczne i zapewnia d\u0142ugotrwa\u0142\u0105 niezawodno\u015b\u0107.<\/span><\/span><\/p>\n<p><span data-contrast=\"auto\" xml:lang=\"PL-PL\" lang=\"PL-PL\" class=\"TextRun SCXW257272357 BCX8\"><span class=\"NormalTextRun SCXW257272357 BCX8\"><\/span><\/span><\/p>\n<\/div><\/div>\n<\/div>\n<\/div>\n\n<div class=\"et_pb_row_3 et_pb_row et_flex_row\">\n<div class=\"et_pb_column_3 et_pb_column et-last-child et_flex_column et_pb_css_mix_blend_mode_passthrough et_flex_column_24_24\">\n<div class=\"et_pb_text_3 et_pb_text et_pb_bg_layout_light et_pb_module et_flex_module check-list\"><div class=\"et_pb_text_inner\"><h3>Obs\u0142ugiwane platformy i us\u0142ugi<\/h3>\n<p>Wykonujemy instalacje oraz konfiguracje platform satelitarnych, takich jak:<\/p>\n<ul>\n<li>NC+ \/ CANAL+<\/li>\n<li>Cyfrowy Polsat<\/li>\n<\/ul>\n<p>Oferujemy r\u00f3wnie\u017c monta\u017c kompletnych zestaw\u00f3w do odbioru telewizji, obejmuj\u0105cych anten\u0119, konwerter oraz dekoder, a tak\u017ce serwis i regulacj\u0119 istniej\u0105cych instalacji.<\/p>\n<p>\u00a0<\/p>\n<h4>Ka\u017cd\u0105 realizacj\u0119 ko\u0144czymy sprawdzeniem jako\u015bci sygna\u0142u oraz instrukta\u017cem obs\u0142ugi dla klienta.<\/h4>\n<p>\u00a0<\/p>\n<p>\u00a0<\/p>\n<\/div><\/div>\n<\/div>\n<\/div>\n<\/div>\n\n<div class=\"et_pb_section_1 et_pb_section et_section_regular et_flex_section\">\n<div class=\"et_pb_row_4 et_pb_row et_flex_row\">\n<div class=\"et_pb_column_4 et_pb_column et-last-child et_flex_column et_pb_css_mix_blend_mode_passthrough et_flex_column_24_24\">\n<div class=\"et_pb_text_4 et_pb_text et_pb_bg_layout_light et_pb_module et_flex_module\"><div class=\"et_pb_text_inner\"><h4>Obszar dzia\u0142ania<\/h4>\n<p>\u015awiadczymy us\u0142ugi na terenie ca\u0142ej <strong>Ma\u0142opolski<\/strong>.<br \/>Nie jeste\u015b pewien, czy dzia\u0142amy w Twojej okolicy? <a class=\"kontakt-link\" href=\"\/index.php\/kontakt\">Skontaktuj si\u0119 z nami<\/a><\/p>\n<\/div><\/div>\n<\/div>\n<\/div>\n<\/div>","protected":false},"excerpt":{"rendered":"","protected":false},"author":1,"featured_media":0,"parent":0,"menu_order":0,"comment_status":"closed","ping_status":"closed","template":"","meta":{"footnotes":""},"folder":[11],"class_list":["post-24","page","type-page","status-publish","hentry"],"_links":{"self":[{"href":"https:\/\/www.prosignal.pl\/index.php\/wp-json\/wp\/v2\/pages\/24","targetHints":{"allow":["GET"]}}],"collection":[{"href":"https:\/\/www.prosignal.pl\/index.php\/wp-json\/wp\/v2\/pages"}],"about":[{"href":"https:\/\/www.prosignal.pl\/index.php\/wp-json\/wp\/v2\/types\/page"}],"author":[{"embeddable":true,"href":"https:\/\/www.prosignal.pl\/index.php\/wp-json\/wp\/v2\/users\/1"}],"replies":[{"embeddable":true,"href":"https:\/\/www.prosignal.pl\/index.php\/wp-json\/wp\/v2\/comments?post=24"}],"version-history":[{"count":0,"href":"https:\/\/www.prosignal.pl\/index.php\/wp-json\/wp\/v2\/pages\/24\/revisions"}],"wp:attachment":[{"href":"https:\/\/www.prosignal.pl\/index.php\/wp-json\/wp\/v2\/media?parent=24"}],"wp:term":[{"taxonomy":"folder","embeddable":true,"href":"https:\/\/www.prosignal.pl\/index.php\/wp-json\/wp\/v2\/folder?post=24"}],"curies":[{"name":"wp","href":"https:\/\/api.w.org\/{rel}","templated":true}]}}